{"id":855,"date":"2024-04-11T20:58:03","date_gmt":"2024-04-11T18:58:03","guid":{"rendered":"https:\/\/www.ardoino.com.uy\/?page_id=855"},"modified":"2024-04-26T05:14:56","modified_gmt":"2024-04-26T03:14:56","slug":"frota","status":"publish","type":"page","link":"https:\/\/www.ardoino.com.uy\/pt-br\/frota\/","title":{"rendered":"Frota"},"content":{"rendered":"\n<div class=\"wp-block-group has-global-padding is-layout-constrained wp-container-core-group-is-layout-8177b3c7 wp-block-group-is-layout-constrained\" style=\"padding-top:var(--wp--preset--spacing--40);padding-bottom:var(--wp--preset--spacing--40)\">\n<figure class=\"wp-block-image size-full has-custom-border full_img\"><img loading=\"lazy\" decoding=\"async\" width=\"1310\" height=\"927\" src=\"https:\/\/www.ardoino.com.uy\/wp-content\/uploads\/2024\/04\/image-4-big.png\" alt=\"\" class=\"wp-image-388\" style=\"border-radius:50px;aspect-ratio:4\/3;object-fit:cover\" srcset=\"https:\/\/www.ardoino.com.uy\/wp-content\/uploads\/2024\/04\/image-4-big.png 1310w, https:\/\/www.ardoino.com.uy\/wp-content\/uploads\/2024\/04\/image-4-big-300x212.png 300w, https:\/\/www.ardoino.com.uy\/wp-content\/uploads\/2024\/04\/image-4-big-1024x725.png 1024w, https:\/\/www.ardoino.com.uy\/wp-content\/uploads\/2024\/04\/image-4-big-768x543.png 768w\" sizes=\"auto, (max-width: 1310px) 100vw, 1310px\" \/><\/figure>\n\n\n\n<div class=\"wp-block-group has-global-padding is-layout-constrained wp-container-core-group-is-layout-9cf89862 wp-block-group-is-layout-constrained\">\n<p class=\"has-text-align-center has-medium-font-size\">Temos nossa pr\u00f3pria frota e desenvolvemos parcerias estrat\u00e9gicas com transportadoras locais e brasileiras, com mais de 150 unidades para atender \u00e0 demanda de servi\u00e7os de forma eficiente.<\/p>\n<\/div>\n<\/div>\n\n\n\n<div class=\"wp-block-group has-global-padding is-layout-constrained wp-container-core-group-is-layout-3c84c1c3 wp-block-group-is-layout-constrained\" style=\"padding-top:2rem;padding-bottom:3rem\">\n<div class=\"wp-block-columns is-layout-flex wp-container-core-columns-is-layout-2069fb62 wp-block-columns-is-layout-flex\">\n<div class=\"wp-block-column is-layout-flow wp-block-column-is-layout-flow\">\n<div class=\"wp-block-group has-global-padding is-layout-constrained wp-container-core-group-is-layout-dd32767c wp-block-group-is-layout-constrained\">\n<figure class=\"wp-block-image size-full has-custom-border full_img\"><img loading=\"lazy\" decoding=\"async\" width=\"592\" height=\"419\" src=\"https:\/\/www.ardoino.com.uy\/wp-content\/uploads\/2024\/04\/image-5.png\" alt=\"\" class=\"wp-image-389\" style=\"border-radius:50px;aspect-ratio:4\/3;object-fit:cover\" srcset=\"https:\/\/www.ardoino.com.uy\/wp-content\/uploads\/2024\/04\/image-5.png 592w, https:\/\/www.ardoino.com.uy\/wp-content\/uploads\/2024\/04\/image-5-300x212.png 300w\" sizes=\"auto, (max-width: 592px) 100vw, 592px\" \/><\/figure>\n\n\n\n<div class=\"wp-block-group has-global-padding is-layout-constrained wp-container-core-group-is-layout-ffc174bf wp-block-group-is-layout-constrained\">\n<p class=\"has-text-align-center has-medium-font-size\">Uma frota pr\u00f3pria moderna de caminh\u00f5es da marca International, variando de 250 hp a 375 hp.<\/p>\n<\/div>\n<\/div>\n<\/div>\n\n\n\n<div class=\"wp-block-column is-layout-flow wp-block-column-is-layout-flow\">\n<div class=\"wp-block-group has-global-padding is-layout-constrained wp-container-core-group-is-layout-dd32767c wp-block-group-is-layout-constrained\">\n<figure class=\"wp-block-image size-full has-custom-border full_img\"><img loading=\"lazy\" decoding=\"async\" width=\"600\" height=\"393\" src=\"https:\/\/www.ardoino.com.uy\/wp-content\/uploads\/2024\/04\/image-6.png\" alt=\"\" class=\"wp-image-304\" style=\"border-radius:50px;aspect-ratio:4\/3;object-fit:cover\" srcset=\"https:\/\/www.ardoino.com.uy\/wp-content\/uploads\/2024\/04\/image-6.png 600w, https:\/\/www.ardoino.com.uy\/wp-content\/uploads\/2024\/04\/image-6-300x197.png 300w\" sizes=\"auto, (max-width: 600px) 100vw, 600px\" \/><\/figure>\n\n\n\n<div class=\"wp-block-group has-global-padding is-layout-constrained wp-container-core-group-is-layout-ffc174bf wp-block-group-is-layout-constrained\">\n<p class=\"has-text-align-center has-medium-font-size\">Semi-reboques de 2 e 3 eixos com suspens\u00e3o pneum\u00e1tica, com comprimento variando de 12,80 m a 14,50 m. Capacidade para 27 e 27 toneladas e 85 m3.<\/p>\n<\/div>\n<\/div>\n<\/div>\n<\/div>\n\n\n\n<div class=\"wp-block-columns is-layout-flex wp-container-core-columns-is-layout-2069fb62 wp-block-columns-is-layout-flex\">\n<div class=\"wp-block-column is-layout-flow wp-block-column-is-layout-flow\">\n<div class=\"wp-block-group has-global-padding is-layout-constrained wp-container-core-group-is-layout-dd32767c wp-block-group-is-layout-constrained\">\n<figure class=\"wp-block-image size-full has-custom-border full_img\"><img loading=\"lazy\" decoding=\"async\" width=\"615\" height=\"390\" src=\"https:\/\/www.ardoino.com.uy\/wp-content\/uploads\/2024\/04\/image-8.png\" alt=\"\" class=\"wp-image-306\" style=\"border-radius:50px;aspect-ratio:4\/3;object-fit:cover\" srcset=\"https:\/\/www.ardoino.com.uy\/wp-content\/uploads\/2024\/04\/image-8.png 615w, https:\/\/www.ardoino.com.uy\/wp-content\/uploads\/2024\/04\/image-8-300x190.png 300w\" sizes=\"auto, (max-width: 615px) 100vw, 615px\" \/><\/figure>\n\n\n\n<div class=\"wp-block-group has-global-padding is-layout-constrained wp-container-core-group-is-layout-ffc174bf wp-block-group-is-layout-constrained\">\n<p class=\"has-text-align-center has-medium-font-size\">A Ardoino possui mais de 100 ve\u00edculos contratados, tanto com bandeira brasileira quanto uruguaia, que em diferentes linhas de opera\u00e7\u00e3o colaboram e complementam o servi\u00e7o.<\/p>\n<\/div>\n<\/div>\n<\/div>\n\n\n\n<div class=\"wp-block-column is-layout-flow wp-block-column-is-layout-flow\">\n<div class=\"wp-block-group has-global-padding is-layout-constrained wp-container-core-group-is-layout-dd32767c wp-block-group-is-layout-constrained\">\n<figure class=\"wp-block-image size-full has-custom-border full_img\"><img loading=\"lazy\" decoding=\"async\" width=\"615\" height=\"418\" src=\"https:\/\/www.ardoino.com.uy\/wp-content\/uploads\/2024\/04\/image-7.png\" alt=\"\" class=\"wp-image-305\" style=\"border-radius:50px;aspect-ratio:4\/3;object-fit:cover\" srcset=\"https:\/\/www.ardoino.com.uy\/wp-content\/uploads\/2024\/04\/image-7.png 615w, https:\/\/www.ardoino.com.uy\/wp-content\/uploads\/2024\/04\/image-7-300x204.png 300w\" sizes=\"auto, (max-width: 615px) 100vw, 615px\" \/><\/figure>\n\n\n\n<div class=\"wp-block-group has-global-padding is-layout-constrained wp-container-core-group-is-layout-ffc174bf wp-block-group-is-layout-constrained\">\n<p class=\"has-text-align-center has-medium-font-size\">Equipamentos sider com capacidade de carga de 75 m3 e 27 toneladas.<\/p>\n<\/div>\n<\/div>\n<\/div>\n<\/div>\n<\/div>\n","protected":false},"excerpt":{"rendered":"<p>Temos nossa pr\u00f3pria frota e desenvolvemos parcerias estrat\u00e9gicas com transportadoras locais e brasileiras, com mais de 150 unidades para atender \u00e0 demanda de servi\u00e7os de forma eficiente. Uma frota pr\u00f3pria moderna de caminh\u00f5es da marca International, variando de 250 hp a 375 hp. Semi-reboques de 2 e 3 eixos com suspens\u00e3o pneum\u00e1tica, com comprimento variando [&hellip;]<\/p>\n","protected":false},"author":2,"featured_media":0,"parent":0,"menu_order":0,"comment_status":"closed","ping_status":"closed","template":"","meta":{"footnotes":""},"class_list":["post-855","page","type-page","status-publish","hentry"],"_links":{"self":[{"href":"https:\/\/www.ardoino.com.uy\/pt-br\/wp-json\/wp\/v2\/pages\/855","targetHints":{"allow":["GET"]}}],"collection":[{"href":"https:\/\/www.ardoino.com.uy\/pt-br\/wp-json\/wp\/v2\/pages"}],"about":[{"href":"https:\/\/www.ardoino.com.uy\/pt-br\/wp-json\/wp\/v2\/types\/page"}],"author":[{"embeddable":true,"href":"https:\/\/www.ardoino.com.uy\/pt-br\/wp-json\/wp\/v2\/users\/2"}],"replies":[{"embeddable":true,"href":"https:\/\/www.ardoino.com.uy\/pt-br\/wp-json\/wp\/v2\/comments?post=855"}],"version-history":[{"count":1,"href":"https:\/\/www.ardoino.com.uy\/pt-br\/wp-json\/wp\/v2\/pages\/855\/revisions"}],"predecessor-version":[{"id":856,"href":"https:\/\/www.ardoino.com.uy\/pt-br\/wp-json\/wp\/v2\/pages\/855\/revisions\/856"}],"wp:attachment":[{"href":"https:\/\/www.ardoino.com.uy\/pt-br\/wp-json\/wp\/v2\/media?parent=855"}],"curies":[{"name":"wp","href":"https:\/\/api.w.org\/{rel}","templated":true}]}}